{"id":64,"date":"2024-01-11T16:20:40","date_gmt":"2024-01-11T13:20:40","guid":{"rendered":"https:\/\/yeni.yavuzturkticaret.com\/index.php\/64-2\/"},"modified":"2024-01-16T09:31:19","modified_gmt":"2024-01-16T06:31:19","slug":"ana-sayfa","status":"publish","type":"page","link":"https:\/\/yeni.yavuzturkticaret.com\/","title":{"rendered":"Ana Sayfa"},"content":{"rendered":"<div class=\"\" style=\"\" >\n    \n    <section class=\"u-align-center u-clearfix u-section-2\" id=\"sec-5cfc\">\n      <div class=\"u-clearfix u-sheet u-sheet-1\">\n        <div class=\"custom-expanded u-carousel u-gallery u-layout-carousel u-no-transition u-show-text-none u-gallery-1\" data-interval=\"3000\" data-u-ride=\"carousel\" id=\"carousel-5a4c\">\n          <ol class=\"u-absolute-hcenter u-carousel-indicators u-hidden u-carousel-indicators-1\">\n            <li data-u-target=\"#carousel-5a4c\" data-u-slide-to=\"0\" class=\"u-active u-grey-70 u-shape-circle\" style=\"width: 10px; height: 10px;\"><\/li>\n            <li data-u-target=\"#carousel-5a4c\" data-u-slide-to=\"1\" class=\"u-grey-70 u-shape-circle\" style=\"width: 10px; height: 10px;\"><\/li>\n          <\/ol>\n          <div class=\"u-carousel-inner u-gallery-inner\" role=\"listbox\">\n            <div class=\"u-active u-carousel-item u-gallery-item u-carousel-item-1\">\n              <div class=\"u-back-slide\" data-image-width=\"1607\" data-image-height=\"1119\">\n                <img decoding=\"async\" class=\"u-back-image u-expanded\" src=\"https:\/\/yeni.yavuzturkticaret.com\/wp-content\/uploads\/2024\/01\/dalgin-pompa-montaj.jpg\">\n              <\/div>\n              <div class=\"u-over-slide u-over-slide-1\"><\/div>\n            <\/div>\n            <div class=\"u-carousel-item u-gallery-item u-carousel-item-2\">\n              <div class=\"u-back-slide\" data-image-width=\"750\" data-image-height=\"484\">\n                <img decoding=\"async\" class=\"u-back-image u-expanded\" src=\"https:\/\/yeni.yavuzturkticaret.com\/wp-content\/uploads\/2024\/01\/yavuzturk-banner-3-1.jpg\">\n              <\/div>\n              <div class=\"u-over-slide u-over-slide-2\"><\/div>\n            <\/div>\n          <\/div>\n          <a class=\"u-absolute-vcenter u-carousel-control u-carousel-control-prev u-icon-circle u-opacity u-opacity-70 u-palette-1-base u-spacing-10 u-text-white u-carousel-control-1\" href=\"#carousel-5a4c\" role=\"button\" data-u-slide=\"prev\">\n            <span aria-hidden=\"true\">\n              <svg viewBox=\"0 0 451.847 451.847\"><path d=\"M97.141,225.92c0-8.095,3.091-16.192,9.259-22.366L300.689,9.27c12.359-12.359,32.397-12.359,44.751,0\nc12.354,12.354,12.354,32.388,0,44.748L173.525,225.92l171.903,171.909c12.354,12.354,12.354,32.391,0,44.744\nc-12.354,12.365-32.386,12.365-44.745,0l-194.29-194.281C100.226,242.115,97.141,234.018,97.141,225.92z\"><\/path><\/svg>\n            <\/span>\n            <span class=\"sr-only\">\n              <svg viewBox=\"0 0 451.847 451.847\"><path d=\"M97.141,225.92c0-8.095,3.091-16.192,9.259-22.366L300.689,9.27c12.359-12.359,32.397-12.359,44.751,0\nc12.354,12.354,12.354,32.388,0,44.748L173.525,225.92l171.903,171.909c12.354,12.354,12.354,32.391,0,44.744\nc-12.354,12.365-32.386,12.365-44.745,0l-194.29-194.281C100.226,242.115,97.141,234.018,97.141,225.92z\"><\/path><\/svg>\n            <\/span>\n          <\/a>\n          <a class=\"u-absolute-vcenter u-carousel-control u-carousel-control-next u-icon-circle u-opacity u-opacity-70 u-palette-1-base u-spacing-10 u-text-white u-carousel-control-2\" href=\"#carousel-5a4c\" role=\"button\" data-u-slide=\"next\">\n            <span aria-hidden=\"true\">\n              <svg viewBox=\"0 0 451.846 451.847\"><path d=\"M345.441,248.292L151.154,442.573c-12.359,12.365-32.397,12.365-44.75,0c-12.354-12.354-12.354-32.391,0-44.744\nL278.318,225.92L106.409,54.017c-12.354-12.359-12.354-32.394,0-44.748c12.354-12.359,32.391-12.359,44.75,0l194.287,194.284\nc6.177,6.18,9.262,14.271,9.262,22.366C354.708,234.018,351.617,242.115,345.441,248.292z\"><\/path><\/svg>\n            <\/span>\n            <span class=\"sr-only\">\n              <svg viewBox=\"0 0 451.846 451.847\"><path d=\"M345.441,248.292L151.154,442.573c-12.359,12.365-32.397,12.365-44.75,0c-12.354-12.354-12.354-32.391,0-44.744\nL278.318,225.92L106.409,54.017c-12.354-12.359-12.354-32.394,0-44.748c12.354-12.359,32.391-12.359,44.75,0l194.287,194.284\nc6.177,6.18,9.262,14.271,9.262,22.366C354.708,234.018,351.617,242.115,345.441,248.292z\"><\/path><\/svg>\n            <\/span>\n          <\/a>\n        <\/div>\n        <div class=\"custom-expanded u-carousel u-gallery u-layout-carousel u-no-transition u-show-text-none u-gallery-2\" data-interval=\"3000\" data-u-ride=\"carousel\" id=\"carousel-4c53\">\n          <ol class=\"u-absolute-hcenter u-carousel-indicators u-carousel-indicators-2\">\n            <li data-u-target=\"#carousel-4c53\" data-u-slide-to=\"0\" class=\"u-active u-grey-70 u-shape-circle\" style=\"width: 10px; height: 10px;\"><\/li>\n            <li data-u-target=\"#carousel-4c53\" data-u-slide-to=\"1\" class=\"u-grey-70 u-shape-circle\" style=\"width: 10px; height: 10px;\"><\/li>\n          <\/ol>\n          <div class=\"u-carousel-inner u-gallery-inner\" role=\"listbox\">\n            <div class=\"u-active u-carousel-item u-gallery-item u-carousel-item-3\">\n              <div class=\"u-back-slide\" data-image-width=\"345\" data-image-height=\"472\">\n                <img decoding=\"async\" class=\"u-back-image u-expanded\" src=\"https:\/\/yeni.yavuzturkticaret.com\/wp-content\/uploads\/2024\/01\/slayt2-1.jpg\">\n              <\/div>\n              <div class=\"u-over-slide u-over-slide-3\"><\/div>\n            <\/div>\n            <div class=\"u-carousel-item u-gallery-item u-carousel-item-4\">\n              <div class=\"u-back-slide\" data-image-width=\"345\" data-image-height=\"472\">\n                <img decoding=\"async\" class=\"u-back-image u-expanded\" src=\"https:\/\/yeni.yavuzturkticaret.com\/wp-content\/uploads\/2024\/01\/slayt2-2.jpg\">\n              <\/div>\n              <div class=\"u-over-slide u-over-slide-4\"><\/div>\n            <\/div>\n          <\/div>\n          <a class=\"u-absolute-vcenter u-carousel-control u-carousel-control-prev u-hidden u-icon-circle u-opacity u-opacity-70 u-palette-1-base u-spacing-10 u-text-white u-carousel-control-3\" href=\"#carousel-4c53\" role=\"button\" data-u-slide=\"prev\">\n            <span aria-hidden=\"true\">\n              <svg viewBox=\"0 0 451.847 451.847\"><path d=\"M97.141,225.92c0-8.095,3.091-16.192,9.259-22.366L300.689,9.27c12.359-12.359,32.397-12.359,44.751,0\nc12.354,12.354,12.354,32.388,0,44.748L173.525,225.92l171.903,171.909c12.354,12.354,12.354,32.391,0,44.744\nc-12.354,12.365-32.386,12.365-44.745,0l-194.29-194.281C100.226,242.115,97.141,234.018,97.141,225.92z\"><\/path><\/svg>\n            <\/span>\n            <span class=\"sr-only\">\n              <svg viewBox=\"0 0 451.847 451.847\"><path d=\"M97.141,225.92c0-8.095,3.091-16.192,9.259-22.366L300.689,9.27c12.359-12.359,32.397-12.359,44.751,0\nc12.354,12.354,12.354,32.388,0,44.748L173.525,225.92l171.903,171.909c12.354,12.354,12.354,32.391,0,44.744\nc-12.354,12.365-32.386,12.365-44.745,0l-194.29-194.281C100.226,242.115,97.141,234.018,97.141,225.92z\"><\/path><\/svg>\n            <\/span>\n          <\/a>\n          <a class=\"u-absolute-vcenter u-carousel-control u-carousel-control-next u-hidden u-icon-circle u-opacity u-opacity-70 u-palette-1-base u-spacing-10 u-text-white u-carousel-control-4\" href=\"#carousel-4c53\" role=\"button\" data-u-slide=\"next\">\n            <span aria-hidden=\"true\">\n              <svg viewBox=\"0 0 451.846 451.847\"><path d=\"M345.441,248.292L151.154,442.573c-12.359,12.365-32.397,12.365-44.75,0c-12.354-12.354-12.354-32.391,0-44.744\nL278.318,225.92L106.409,54.017c-12.354-12.359-12.354-32.394,0-44.748c12.354-12.359,32.391-12.359,44.75,0l194.287,194.284\nc6.177,6.18,9.262,14.271,9.262,22.366C354.708,234.018,351.617,242.115,345.441,248.292z\"><\/path><\/svg>\n            <\/span>\n            <span class=\"sr-only\">\n              <svg viewBox=\"0 0 451.846 451.847\"><path d=\"M345.441,248.292L151.154,442.573c-12.359,12.365-32.397,12.365-44.75,0c-12.354-12.354-12.354-32.391,0-44.744\nL278.318,225.92L106.409,54.017c-12.354-12.359-12.354-32.394,0-44.748c12.354-12.359,32.391-12.359,44.75,0l194.287,194.284\nc6.177,6.18,9.262,14.271,9.262,22.366C354.708,234.018,351.617,242.115,345.441,248.292z\"><\/path><\/svg>\n            <\/span>\n          <\/a>\n        <\/div>\n      <\/div>\n    <\/section>\n    <section class=\"u-align-center u-clearfix u-section-3\" id=\"sec-3237\">\n      <div class=\"u-clearfix u-sheet u-valign-middle-lg u-valign-middle-xl u-sheet-1\">\n        <div class=\"data-layout-selected u-clearfix u-expanded-width u-layout-wrap u-layout-wrap-1\">\n          <div class=\"u-layout\">\n            <div class=\"u-layout-row\">\n              <div class=\"u-container-style u-layout-cell u-left-cell u-size-34 u-layout-cell-1\">\n                <div class=\"u-container-layout u-valign-middle-xs u-container-layout-1\">\n                  <div class=\"u-custom-color-1 u-shape u-shape-circle u-shape-1\"><\/div>\n                  <h2 class=\"u-text u-text-1\">Bizi Tan\u0131y\u0131n<\/h2>\n                  <p class=\"u-text u-text-2\"> \u015eanl\u0131urfa`da faaliyet g\u00f6steren, Yavuzt\u00fcrk Ticaret firmam\u0131z, uzun y\u0131llardan beri sekt\u00f6rde dalg\u0131\u00e7 pompalar\u0131 alan\u0131nda hizmet veren deneyimli bir firmad\u0131r. B\u00f6lgede y\u0131llar\u0131n verdi\u011fi deneyimle bir \u00e7ok \u00f6zel ve resmi kurumlara dalg\u0131\u00e7 pompa sekt\u00f6r\u00fcnde hizmet veren Yavuzt\u00fcrk Ticaret firmam\u0131z deneyimli kadrosu ile her zaman en kaliteli hizmeti uygun fiyatlarla sunmaktad\u0131r.<\/p>\n                <\/div>\n              <\/div>\n              <div class=\"u-container-style u-layout-cell u-right-cell u-size-26 u-layout-cell-2\">\n                <div class=\"u-container-layout u-valign-middle u-container-layout-2\">\n                  <div alt=\"\" class=\"u-image u-image-circle u-image-1\" data-image-width=\"604\" data-image-height=\"590\" style=\"background-image: url(&quot;https:\/\/yeni.yavuzturkticaret.com\/wp-content\/uploads\/2024\/01\/dalgic-pompa-3.png&quot;);\"><\/div>\n                <\/div>\n              <\/div>\n            <\/div>\n          <\/div>\n        <\/div>\n      <\/div>\n    <\/section>\n    <section class=\"u-clearfix u-grey-90 u-valign-middle-lg u-valign-middle-md u-valign-top-sm u-valign-top-xl u-section-4\" id=\"sec-ee67\">\n      <div class=\"u-container-style u-group u-shape-rectangle u-group-1\">\n        <div class=\"u-container-layout u-container-layout-1\">\n          <h1 class=\"u-custom-font u-font-montserrat u-text u-text-1\">Dalg\u0131\u00e7 - Pompada Lider<\/h1>\n        <\/div>\n      <\/div>\n      <div class=\"u-custom-color-1 u-shape u-shape-rectangle u-shape-1\"><\/div>\n      <div class=\"u-list u-list-1\">\n        <div class=\"u-repeater u-repeater-1\">\n          <div class=\"u-container-style u-custom-color-1 u-list-item u-repeater-item u-list-item-1\">\n            <div class=\"u-container-layout u-similar-container u-container-layout-2\">\n              <img decoding=\"async\" alt=\"\" class=\"u-expanded-width-lg u-expanded-width-md u-expanded-width-xl u-image u-image-default u-image-1\" src=\"https:\/\/yeni.yavuzturkticaret.com\/wp-content\/uploads\/2024\/01\/dalgin-pompa-montaj.jpg\" data-image-width=\"1607\" data-image-height=\"1119\">\n              <h3 class=\"u-custom-font u-font-oswald u-text u-text-2\">\n                <a class=\"u-btn u-button-link u-button-style u-text-body-alt-color u-btn-1\" href=\"https:\/\/yeni.yavuzturkticaret.com\/index.php\/dalgic-pompa-2\/\">Dalg\u0131\u00e7 Pompa<\/a>\n              <\/h3>\n              <p class=\"u-text u-text-3\">Dalg\u0131\u00e7 pompa ve her t\u00fcrl\u00fc yedek par\u00e7alar\u0131n\u0131n temini konusunda b\u00f6lgenin en b\u00fcy\u00fck firmas\u0131.<\/p>\n            <\/div>\n          <\/div>\n          <div class=\"u-container-style u-custom-color-1 u-list-item u-repeater-item u-list-item-2\">\n            <div class=\"u-container-layout u-similar-container u-container-layout-3\">\n              <img decoding=\"async\" alt=\"\" class=\"u-expanded-width-lg u-expanded-width-md u-expanded-width-xl u-image u-image-default u-image-2\" src=\"https:\/\/yeni.yavuzturkticaret.com\/wp-content\/uploads\/2024\/01\/dinamo-01.jpg\" data-image-width=\"500\" data-image-height=\"453\">\n              <h3 class=\"u-custom-font u-font-oswald u-text u-text-4\">\n                <a class=\"u-btn u-button-link u-button-style u-text-body-alt-color u-btn-2\" href=\"https:\/\/yeni.yavuzturkticaret.com\/index.php\/dinamo\/\">Dinamo Sat\u0131\u015f<\/a>\n              <\/h3>\n              <p class=\"u-text u-text-5\">T\u00fcm dinamo \u00e7e\u015fitlerinin ve yedek par\u00e7alar\u0131n\u0131n sat\u0131\u015f\u0131 konusunda hizmet veren firmam\u0131z Yavuzt\u00fcrk Ticaret uygun fiyatlarla kaliteli \u00fcr\u00fcnlerin sat\u0131\u015f\u0131 konusunda titizlikle \u00e7al\u0131\u015fmalar\u0131n\u0131 s\u00fcrd\u00fcrmektedir.<\/p>\n            <\/div>\n          <\/div>\n        <\/div>\n      <\/div>\n      <div class=\"u-list u-list-2\">\n        <div class=\"u-repeater u-repeater-2\">\n          <div class=\"u-align-left u-container-style u-list-item u-repeater-item u-shape-rectangle\">\n            <div class=\"u-container-layout u-similar-container u-container-layout-4\">\n              <h4 class=\"u-text u-text-6\">Dal\u0131g\u0131\u00e7 Pompa<\/h4>\n              <p class=\"u-text u-text-7\"> Dalg\u0131\u00e7 pompa pompa g\u00f6vdesine yak\u0131n bir \u015fekilde hava ge\u00e7irmez olarak kapat\u0131lm\u0131\u015f motorlu bir pompad\u0131r. T\u00fcm tertibat pompalanacak ak\u0131\u015fkan\u0131n i\u00e7ine dald\u0131r\u0131l\u0131r. Bu tip pompan\u0131n as\u0131l yarar\u0131 pompayla s\u0131v\u0131 y\u00fczeyi aras\u0131ndaki y\u00fckseklik fark\u0131yla ili\u015fkili bir problem olan pompa kavitasyonunu \u00f6nlemesidir.<\/p>\n              <a href=\"https:\/\/yeni.yavuzturkticaret.com\/index.php\/dalgic-pompa-2\/\" class=\"u-border-1 u-border-hover-palette-3-base u-border-no-left u-border-no-right u-border-no-top u-border-white u-btn u-btn-rectangle u-button-style u-none u-text-hover-white u-text-palette-3-base u-btn-3\">DEtayl\u0131 Bilgi...<\/a>\n            <\/div>\n          <\/div>\n          <div class=\"u-align-left u-container-style u-list-item u-repeater-item u-shape-rectangle u-video-cover\">\n            <div class=\"u-container-layout u-similar-container u-container-layout-5\">\n              <h4 class=\"u-text u-text-8\">D\u0130NAMO<\/h4>\n              <p class=\"u-text u-text-9\"> Dinamo g\u00fcnl\u00fck hayatta her yerde vard\u0131r; otomobillerde, bisiklet vb... Dinamolar hidroelektrik santrallerinde kullan\u0131l\u0131r, su t\u00fcrbinlerine ba\u011fl\u0131d\u0131r ve su t\u00fcrbine \u00e7arp\u0131nca hareket enerjisi olu\u015fur. Hareket enerjisi de dinamo yard\u0131m\u0131yla elektrik enerjisine d\u00f6n\u00fc\u015ft\u00fcr\u00fcl\u00fcr.<\/p>\n              <a href=\"https:\/\/yeni.yavuzturkticaret.com\/index.php\/dinamo\/\" class=\"u-border-1 u-border-hover-palette-3-base u-border-no-left u-border-no-right u-border-no-top u-border-white u-btn u-btn-rectangle u-button-style u-none u-text-hover-white u-text-palette-3-base u-btn-4\">Detayl\u0131 Bilgi...<\/a>\n            <\/div>\n          <\/div>\n        <\/div>\n      <\/div>\n    <\/section>\n    <section class=\"u-align-center u-clearfix u-section-5\" id=\"sec-4c0f\">\n      <div class=\"u-clearfix u-sheet u-valign-middle-md u-sheet-1\">\n        <h2 class=\"u-text u-text-default u-text-1\">\n          <a class=\"u-btn u-button-link u-button-style u-text-body-color u-btn-1\" href=\"https:\/\/yeni.yavuzturkticaret.com\/index.php\/markalarimiz\/\">MARKALARIMIZ<\/a>\n        <\/h2>\n        <p class=\"u-text u-text-2\">Yavuzt\u00fcrk&nbsp; Ticaret olarak b\u00fcnyemizde yer alan markalar\u0131m\u0131z...<\/p>\n        <div class=\"u-expanded-width u-list u-list-1\">\n          <div class=\"u-repeater u-repeater-1\">\n            <div class=\"u-container-style u-hover-feature u-image u-list-item u-repeater-item u-image-1\" data-image-width=\"1000\" data-image-height=\"851\" data-href=\"https:\/\/yeni.yavuzturkticaret.com\/index.php\/yavuz-su\/\" title=\"Yavuz Su\" style=\"background-image: url(&quot;https:\/\/yeni.yavuzturkticaret.com\/wp-content\/uploads\/2024\/01\/yavuzturk-su-logo-3.jpg&quot;);\">\n              <div class=\"u-container-layout u-similar-container u-valign-middle u-container-layout-1\"><\/div>\n            <\/div>\n            <div class=\"u-container-style u-image u-list-item u-repeater-item u-image-2\" data-image-width=\"1000\" data-image-height=\"851\" data-href=\"https:\/\/yeni.yavuzturkticaret.com\/index.php\/lux-dafu-2\/\" title=\"L\u00fcx Dafu\" style=\"background-image: url(&quot;https:\/\/yeni.yavuzturkticaret.com\/wp-content\/uploads\/2024\/01\/lux-dafu.jpg&quot;);\">\n              <div class=\"u-container-layout u-similar-container u-valign-middle u-container-layout-2\"><\/div>\n            <\/div>\n            <div class=\"u-container-style u-image u-list-item u-repeater-item u-image-3\" data-image-width=\"1010\" data-image-height=\"860\" data-href=\"https:\/\/yeni.yavuzturkticaret.com\/index.php\/hay-su-2\/\" title=\"Hay-Su\" style=\"background-image: url(&quot;https:\/\/yeni.yavuzturkticaret.com\/wp-content\/uploads\/2024\/01\/hay-su.jpg&quot;);\">\n              <div class=\"u-container-layout u-similar-container u-valign-middle u-container-layout-3\"><\/div>\n            <\/div>\n          <\/div>\n        <\/div>\n      <\/div>\n      \n    <\/section>\n    <section class=\"u-clearfix u-container-align-center u-image u-section-6\" id=\"sec-320d\" data-image-width=\"1920\" data-image-height=\"600\" style=\"background-image: url(&quot;https:\/\/yeni.yavuzturkticaret.com\/wp-content\/uploads\/2024\/01\/yavuzturk-banner-4-1.jpg&quot;);\">\n      <div class=\"u-clearfix u-sheet u-sheet-1\"><\/div>\n    <\/section>\n    <section class=\"u-align-center u-clearfix u-section-7\" id=\"sec-86f9\">\n      <div class=\"u-clearfix u-sheet u-sheet-1\">\n        <h2 class=\"u-text u-text-default u-text-1\">\n          <a class=\"u-btn u-button-link u-button-style u-text-body-color u-btn-1\" href=\"https:\/\/yeni.yavuzturkticaret.com\/index.php\/urunlerimiz\/\"> \u00dcR\u00dcNLER\u0130M\u0130Z <\/a>\n        <\/h2>\n        <div class=\"u-expanded-width u-list u-list-1\">\n          <div class=\"u-repeater u-repeater-1\">\n            <div class=\"u-container-style u-hover-feature u-image u-list-item u-repeater-item u-image-1\" data-image-width=\"375\" data-image-height=\"375\" data-href=\"https:\/\/yeni.yavuzturkticaret.com\/index.php\/dinamo\/\" title=\"Dinamo\" style=\"background-image: url(&quot;https:\/\/yeni.yavuzturkticaret.com\/wp-content\/uploads\/2024\/01\/dinamo-02.jpg&quot;);\">\n              <div class=\"u-container-layout u-similar-container u-valign-middle u-container-layout-1\">\n                <a href=\"https:\/\/yeni.yavuzturkticaret.com\/index.php\/dinamo\/\" class=\"u-border-none u-btn u-btn-round u-button-style u-custom-color-1 u-hover-palette-1-light-1 u-radius u-btn-2\">Detayl\u0131 Bilgi...<\/a>\n              <\/div>\n            <\/div>\n            <div class=\"u-container-style u-image u-list-item u-repeater-item u-image-2\" data-image-width=\"1617\" data-image-height=\"1027\" data-href=\"https:\/\/yeni.yavuzturkticaret.com\/index.php\/dalgic-pompa-2\/\" title=\"Dalg\u0131\u00e7 Pompa\" style=\"background-image: url(&quot;https:\/\/yeni.yavuzturkticaret.com\/wp-content\/uploads\/2024\/01\/dalgic-pompa.jpg&quot;);\">\n              <div class=\"u-container-layout u-similar-container u-valign-middle u-container-layout-2\">\n                <a href=\"https:\/\/yeni.yavuzturkticaret.com\/index.php\/dalgic-pompa-2\/\" class=\"u-border-none u-btn u-btn-round u-button-style u-custom-color-1 u-hover-palette-1-light-1 u-radius u-btn-3\">Detayl\u0131 Bilgi...<\/a>\n              <\/div>\n            <\/div>\n            <div class=\"u-container-style u-image u-list-item u-repeater-item u-image-3\" data-image-width=\"500\" data-image-height=\"400\" data-href=\"https:\/\/yeni.yavuzturkticaret.com\/index.php\/hay-su-2\/\" title=\"Hay-Su\" style=\"background-image: url(&quot;https:\/\/yeni.yavuzturkticaret.com\/wp-content\/uploads\/2024\/01\/jenerator.jpg&quot;);\">\n              <div class=\"u-container-layout u-similar-container u-valign-middle u-container-layout-3\">\n                <a href=\"https:\/\/yeni.yavuzturkticaret.com\/index.php\/jenerator-2\/\" class=\"u-border-none u-btn u-btn-round u-button-style u-custom-color-1 u-hover-palette-1-light-1 u-radius u-btn-4\">Detayl\u0131 Bilgi...<\/a>\n              <\/div>\n            <\/div>\n            <div class=\"u-container-style u-image u-list-item u-repeater-item u-image-4\" data-image-width=\"880\" data-image-height=\"480\" data-href=\"https:\/\/yeni.yavuzturkticaret.com\/index.php\/hay-su-2\/\" title=\"Hay-Su\" style=\"background-image: url(&quot;https:\/\/yeni.yavuzturkticaret.com\/wp-content\/uploads\/2024\/01\/hidrofor-.jpg&quot;);\">\n              <div class=\"u-container-layout u-similar-container u-valign-middle u-container-layout-4\">\n                <a href=\"https:\/\/yeni.yavuzturkticaret.com\/index.php\/hidrofor-tanki\/\" class=\"u-border-none u-btn u-btn-round u-button-style u-custom-color-1 u-hover-palette-1-light-1 u-radius u-btn-5\">Detayl\u0131 Bilgi...<\/a>\n              <\/div>\n            <\/div>\n          <\/div>\n        <\/div>\n      <\/div>\n      \n    <\/section>\n    <section class=\"u-align-center u-clearfix u-grey-90 u-section-8\" id=\"sec-fbc0\">\n      <div class=\"u-clearfix u-sheet u-sheet-1\">\n        <h2 class=\"u-text u-text-1\">B\u00f6lgenin En B\u00fcy\u00fck Dalg\u0131\u00e7 Pompa Sat\u0131\u015f Firmas\u0131<\/h2>\n        <p class=\"u-text u-text-2\">Dalg\u0131\u00e7 Pompa sat\u0131\u015f alan\u0131nda hizmet veren Yavuzt\u00fcrk&nbsp;\u200b\u200bTicaret b\u00f6lgenin \u00f6nde gelen firmalar\u0131 aras\u0131nda yer almaktad\u0131r. Siz de kesintisiz bir hizmet almak istiyorsan\u0131z bizimle ileti\u015fime ge\u00e7in.<\/p>\n        <div class=\"u-expanded-width u-palette-3-base u-shape u-shape-rectangle u-shape-1\"><\/div>\n        <div class=\"data-layout-selected u-clearfix u-gutter-30 u-layout-wrap u-layout-wrap-1\">\n          <div class=\"u-layout\">\n            <div class=\"u-layout-col\">\n              <div class=\"u-size-30\">\n                <div class=\"u-layout-row\">\n                  <div class=\"u-container-style u-image u-layout-cell u-right-cell u-size-60 u-image-1\" data-image-width=\"763\" data-image-height=\"480\" style=\"background-image: url(&quot;https:\/\/yeni.yavuzturkticaret.com\/wp-content\/uploads\/2024\/01\/dalgic-pompa2.jpg&quot;);\">\n                    <div class=\"u-container-layout\"><\/div>\n                  <\/div>\n                <\/div>\n              <\/div>\n              <div class=\"u-size-30\">\n                <div class=\"u-layout-row\">\n                  <div class=\"u-container-style u-layout-cell u-size-60 u-layout-cell-2\">\n                    <div class=\"u-container-layout u-container-layout-2\">\n                      <h3 class=\"u-text u-text-3\"> Dalg\u0131\u00e7 pompan\u0131n bak\u0131m\u0131nda nelere dikkat edilmelidir?<\/h3>\n                      <p class=\"u-text u-text-4\"> G\u00fcnl\u00fck kontrollerde, i\u015fletmeci ya da sorumlu ki\u015fi taraf\u0131ndan tesisin SCADA\u2019s\u0131 \u00fczerinden hata uyar\u0131s\u0131 olup olmad\u0131\u011f\u0131na bak\u0131lmal\u0131d\u0131r. E\u011fer SCADA sistemi olmayan tesiste \u00e7al\u0131\u015fan bir dalg\u0131\u00e7 pompas\u0131 mevcut ise, pompan\u0131n kendi kontrol panosundan hata verip vermedi\u011fi kontrol edilmeli veya fiziksel y\u00f6ntemlerle de pompan\u0131n yan\u0131na giderek ses ve vibrasyon durumu g\u00f6zlemlenmelidir. O esnada aksi bir durum (ses, vibrasyon farkl\u0131l\u0131\u011f\u0131 vs.) g\u00f6zlemlendi\u011finde teknik personel pompay\u0131 durdurmal\u0131 ve kontrol i\u00e7in pompay\u0131 ak\u0131\u015fkan d\u0131\u015f\u0131na \u00e7\u0131karmal\u0131d\u0131r. Ayr\u0131ca, SCADA olan sistemlerde de \u00e7ift kontrol ama\u00e7l\u0131 hem ekrandan hem de fiziksel inceleme yap\u0131lmal\u0131d\u0131r. Bu a\u015famaya kadar olan kontrol g\u00fcnl\u00fck kontrol\u00fc kapsamaktad\u0131r. Kullanma k\u0131lavuzunda yer alan bak\u0131m periyodlar\u0131 dikkate al\u0131narak periyodik kontroller ger\u00e7ekle\u015ftirilmelidir. Genellikle alt\u0131 ayl\u0131k, y\u0131ll\u0131k ve iki y\u0131ll\u0131k bak\u0131mlarla geni\u015f kapsaml\u0131 kontroller yap\u0131l\u0131r. Bu bak\u0131mlarda; dalg\u0131\u00e7 pompa ak\u0131\u015fkan ortam\u0131ndan ge\u00e7ici s\u00fcre ile al\u0131n\u0131r, hem pompan\u0131n hem de motorun rulman\u0131 incelenir. G\u00fcnl\u00fck kontrol rutinlerindeki gibi, fiziksel olarak ses ve vibrasyonu g\u00f6zlemlenir. O-ring ve contalar\u0131nda ka\u00e7ak olup olmad\u0131\u011f\u0131na bak\u0131l\u0131r. Kablolar\u0131n hazar g\u00f6r\u00fcp g\u00f6rmedi\u011fine kontrol edilir. Son kontrol olarak voltaj ve ak\u0131m kontrol\u00fc yap\u0131l\u0131r. <\/p>\n                    <\/div>\n                  <\/div>\n                <\/div>\n              <\/div>\n            <\/div>\n          <\/div>\n        <\/div>\n      <\/div>\n    <\/section>\n    \n    \n    \n  \n<\/div>","protected":false},"excerpt":{"rendered":"<p>Bizi Tan\u0131y\u0131n \u015eanl\u0131urfa`da faaliyet g\u00f6steren, Yavuzt\u00fcrk Ticaret firmam\u0131z, uzun y\u0131llardan beri sekt\u00f6rde dalg\u0131\u00e7 pompalar\u0131 alan\u0131nda hizmet veren deneyimli bir firmad\u0131r. B\u00f6lgede y\u0131llar\u0131n verdi\u011fi deneyimle bir \u00e7ok \u00f6zel ve resmi kurumlara dalg\u0131\u00e7 pompa sekt\u00f6r\u00fcnde hizmet veren Yavuzt\u00fcrk Ticaret firmam\u0131z deneyimli kadrosu ile her zaman en kaliteli hizmeti uygun fiyatlarla sunmaktad\u0131r. Dalg\u0131\u00e7 &#8211; Pompada Lider Dalg\u0131\u00e7 Pompa [&hellip;]<\/p>\n","protected":false},"author":2,"featured_media":0,"parent":0,"menu_order":0,"comment_status":"closed","ping_status":"closed","template":"","meta":{"footnotes":""},"class_list":["post-64","page","type-page","status-publish","hentry"],"_links":{"self":[{"href":"https:\/\/yeni.yavuzturkticaret.com\/index.php\/wp-json\/wp\/v2\/pages\/64","targetHints":{"allow":["GET"]}}],"collection":[{"href":"https:\/\/yeni.yavuzturkticaret.com\/index.php\/wp-json\/wp\/v2\/pages"}],"about":[{"href":"https:\/\/yeni.yavuzturkticaret.com\/index.php\/wp-json\/wp\/v2\/types\/page"}],"author":[{"embeddable":true,"href":"https:\/\/yeni.yavuzturkticaret.com\/index.php\/wp-json\/wp\/v2\/users\/2"}],"replies":[{"embeddable":true,"href":"https:\/\/yeni.yavuzturkticaret.com\/index.php\/wp-json\/wp\/v2\/comments?post=64"}],"version-history":[{"count":43,"href":"https:\/\/yeni.yavuzturkticaret.com\/index.php\/wp-json\/wp\/v2\/pages\/64\/revisions"}],"predecessor-version":[{"id":382,"href":"https:\/\/yeni.yavuzturkticaret.com\/index.php\/wp-json\/wp\/v2\/pages\/64\/revisions\/382"}],"wp:attachment":[{"href":"https:\/\/yeni.yavuzturkticaret.com\/index.php\/wp-json\/wp\/v2\/media?parent=64"}],"curies":[{"name":"wp","href":"https:\/\/api.w.org\/{rel}","templated":true}]}}