{"id":373,"date":"2024-01-15T14:07:15","date_gmt":"2024-01-15T11:07:15","guid":{"rendered":"https:\/\/yeni.yavuzturkticaret.com\/?page_id=373"},"modified":"2024-01-15T14:07:15","modified_gmt":"2024-01-15T11:07:15","slug":"hidrofor-tanki","status":"publish","type":"page","link":"https:\/\/yeni.yavuzturkticaret.com\/index.php\/hidrofor-tanki\/","title":{"rendered":"Hidrofor Tank\u0131"},"content":{"rendered":"<div class=\"\" style=\"\" >\n    \n    <section class=\"u-clearfix u-white u-section-2\" id=\"sec-0337\">\n      <div class=\"u-clearfix u-sheet u-sheet-1\">\n        <div class=\"data-layout-selected u-clearfix u-expanded-width u-gutter-30 u-layout-wrap u-layout-wrap-1\">\n          <div class=\"u-gutter-0 u-layout\">\n            <div class=\"u-layout-row\">\n              <div class=\"u-align-left u-container-style u-layout-cell u-left-cell u-similar-fill u-size-30 u-layout-cell-1\">\n                <div class=\"u-container-layout u-container-layout-1\">\n                  <div class=\"u-align-left u-container-style u-group u-similar-fill u-group-1\">\n                    <div class=\"u-container-layout u-container-layout-2\">\n                      <h3 class=\"u-text u-text-1\"> Hidrofor Tank\u0131<\/h3>\n                    <\/div>\n                  <\/div>\n                  <p class=\"custom-expanded u-text u-text-2\"> Hidroforun amac\u0131, su tank\u0131nda bulunan suyu, hava ile bas\u0131n\u00e7land\u0131r\u0131p uzak noktalara pompalamakt\u0131r. Su tank\u0131n\u0131n bir di\u011fer amac\u0131 ise \u00fcst\u00fcnde yard\u0131mc\u0131 elemanlar\u0131 ta\u015f\u0131mas\u0131d\u0131r. Su ile orant\u0131l\u0131 hava bas\u0131nc\u0131n\u0131n artmas\u0131 i\u00e7in kapal\u0131 depo su tank\u0131na su verilmelidir. Depoda artan su sayesinde bas\u0131n\u00e7ta artacakt\u0131r.<br>\n                  <\/p>\n                <\/div>\n              <\/div>\n              <div class=\"u-align-left u-container-style u-layout-cell u-right-cell u-similar-fill u-size-30 u-layout-cell-2\">\n                <div class=\"u-container-layout u-valign-middle u-container-layout-3\">\n                  <img decoding=\"async\" class=\"custom-expanded u-image u-image-default u-image-1\" src=\"https:\/\/yeni.yavuzturkticaret.com\/wp-content\/uploads\/2024\/01\/hidrofor-.jpg\" alt=\"\" data-image-width=\"880\" data-image-height=\"480\">\n                <\/div>\n              <\/div>\n            <\/div>\n          <\/div>\n        <\/div>\n      <\/div>\n    <\/section>\n    \n    \n    \n  \n<\/div>","protected":false},"excerpt":{"rendered":"<p>Hidrofor Tank\u0131 Hidroforun amac\u0131, su tank\u0131nda bulunan suyu, hava ile bas\u0131n\u00e7land\u0131r\u0131p uzak noktalara pompalamakt\u0131r. Su tank\u0131n\u0131n bir di\u011fer amac\u0131 ise \u00fcst\u00fcnde yard\u0131mc\u0131 elemanlar\u0131 ta\u015f\u0131mas\u0131d\u0131r. Su ile orant\u0131l\u0131 hava bas\u0131nc\u0131n\u0131n artmas\u0131 i\u00e7in kapal\u0131 depo su tank\u0131na su verilmelidir. Depoda artan su sayesinde bas\u0131n\u00e7ta artacakt\u0131r.<\/p>\n","protected":false},"author":2,"featured_media":0,"parent":0,"menu_order":0,"comment_status":"closed","ping_status":"closed","template":"","meta":{"footnotes":""},"class_list":["post-373","page","type-page","status-publish","hentry"],"_links":{"self":[{"href":"https:\/\/yeni.yavuzturkticaret.com\/index.php\/wp-json\/wp\/v2\/pages\/373","targetHints":{"allow":["GET"]}}],"collection":[{"href":"https:\/\/yeni.yavuzturkticaret.com\/index.php\/wp-json\/wp\/v2\/pages"}],"about":[{"href":"https:\/\/yeni.yavuzturkticaret.com\/index.php\/wp-json\/wp\/v2\/types\/page"}],"author":[{"embeddable":true,"href":"https:\/\/yeni.yavuzturkticaret.com\/index.php\/wp-json\/wp\/v2\/users\/2"}],"replies":[{"embeddable":true,"href":"https:\/\/yeni.yavuzturkticaret.com\/index.php\/wp-json\/wp\/v2\/comments?post=373"}],"version-history":[{"count":4,"href":"https:\/\/yeni.yavuzturkticaret.com\/index.php\/wp-json\/wp\/v2\/pages\/373\/revisions"}],"predecessor-version":[{"id":378,"href":"https:\/\/yeni.yavuzturkticaret.com\/index.php\/wp-json\/wp\/v2\/pages\/373\/revisions\/378"}],"wp:attachment":[{"href":"https:\/\/yeni.yavuzturkticaret.com\/index.php\/wp-json\/wp\/v2\/media?parent=373"}],"curies":[{"name":"wp","href":"https:\/\/api.w.org\/{rel}","templated":true}]}}