{"id":369,"date":"2024-01-15T14:07:05","date_gmt":"2024-01-15T11:07:05","guid":{"rendered":"https:\/\/yeni.yavuzturkticaret.com\/?page_id=369"},"modified":"2024-01-15T14:07:05","modified_gmt":"2024-01-15T11:07:05","slug":"jenerator-2","status":"publish","type":"page","link":"https:\/\/yeni.yavuzturkticaret.com\/index.php\/jenerator-2\/","title":{"rendered":"Jenerat\u00f6r"},"content":{"rendered":"<div class=\"\" style=\"\" >\n    \n    <section class=\"u-clearfix u-white u-section-2\" id=\"sec-0337\">\n      <div class=\"u-clearfix u-sheet u-sheet-1\">\n        <div class=\"data-layout-selected u-clearfix u-expanded-width u-gutter-30 u-layout-wrap u-layout-wrap-1\">\n          <div class=\"u-gutter-0 u-layout\">\n            <div class=\"u-layout-row\">\n              <div class=\"u-align-left u-container-style u-layout-cell u-left-cell u-similar-fill u-size-30 u-layout-cell-1\">\n                <div class=\"u-container-layout u-container-layout-1\">\n                  <div class=\"u-align-left u-container-style u-group u-similar-fill u-group-1\">\n                    <div class=\"u-container-layout u-container-layout-2\">\n                      <h3 class=\"u-text u-text-1\">Jenerat\u00f6r<\/h3>\n                    <\/div>\n                  <\/div>\n                  <p class=\"custom-expanded u-text u-text-2\"> Elektik \u00fcreteci, jenerat\u00f6r ya da k\u0131saca \u00fcrete\u00e7, mekanik enerjiyi elektrik enerjisine \u00e7eviren elektrik makinesi'dir. Mekanik enerjinin kayna\u011f\u0131 buhar makinesi, su, i\u00e7ten yanmal\u0131 motor, r\u00fczg\u00e2r t\u00fcrbini olabilir.<br>\n                  <\/p>\n                <\/div>\n              <\/div>\n              <div class=\"u-align-left u-container-style u-layout-cell u-right-cell u-similar-fill u-size-30 u-layout-cell-2\">\n                <div class=\"u-container-layout u-container-layout-3\">\n                  <img decoding=\"async\" class=\"custom-expanded u-image u-image-default u-image-1\" src=\"https:\/\/yeni.yavuzturkticaret.com\/wp-content\/uploads\/2024\/01\/jenerator.jpg\" alt=\"\" data-image-width=\"500\" data-image-height=\"400\">\n                <\/div>\n              <\/div>\n            <\/div>\n          <\/div>\n        <\/div>\n      <\/div>\n    <\/section>\n    \n    \n    \n  \n<\/div>","protected":false},"excerpt":{"rendered":"<p>Jenerat\u00f6r Elektik \u00fcreteci, jenerat\u00f6r ya da k\u0131saca \u00fcrete\u00e7, mekanik enerjiyi elektrik enerjisine \u00e7eviren elektrik makinesi&#8217;dir. Mekanik enerjinin kayna\u011f\u0131 buhar makinesi, su, i\u00e7ten yanmal\u0131 motor, r\u00fczg\u00e2r t\u00fcrbini olabilir.<\/p>\n","protected":false},"author":2,"featured_media":0,"parent":0,"menu_order":0,"comment_status":"closed","ping_status":"closed","template":"","meta":{"footnotes":""},"class_list":["post-369","page","type-page","status-publish","hentry"],"_links":{"self":[{"href":"https:\/\/yeni.yavuzturkticaret.com\/index.php\/wp-json\/wp\/v2\/pages\/369","targetHints":{"allow":["GET"]}}],"collection":[{"href":"https:\/\/yeni.yavuzturkticaret.com\/index.php\/wp-json\/wp\/v2\/pages"}],"about":[{"href":"https:\/\/yeni.yavuzturkticaret.com\/index.php\/wp-json\/wp\/v2\/types\/page"}],"author":[{"embeddable":true,"href":"https:\/\/yeni.yavuzturkticaret.com\/index.php\/wp-json\/wp\/v2\/users\/2"}],"replies":[{"embeddable":true,"href":"https:\/\/yeni.yavuzturkticaret.com\/index.php\/wp-json\/wp\/v2\/comments?post=369"}],"version-history":[{"count":4,"href":"https:\/\/yeni.yavuzturkticaret.com\/index.php\/wp-json\/wp\/v2\/pages\/369\/revisions"}],"predecessor-version":[{"id":377,"href":"https:\/\/yeni.yavuzturkticaret.com\/index.php\/wp-json\/wp\/v2\/pages\/369\/revisions\/377"}],"wp:attachment":[{"href":"https:\/\/yeni.yavuzturkticaret.com\/index.php\/wp-json\/wp\/v2\/media?parent=369"}],"curies":[{"name":"wp","href":"https:\/\/api.w.org\/{rel}","templated":true}]}}