{"id":358,"date":"2024-01-15T13:10:48","date_gmt":"2024-01-15T10:10:48","guid":{"rendered":"https:\/\/yeni.yavuzturkticaret.com\/?page_id=358"},"modified":"2024-01-15T13:29:58","modified_gmt":"2024-01-15T10:29:58","slug":"dinamo","status":"publish","type":"page","link":"https:\/\/yeni.yavuzturkticaret.com\/index.php\/dinamo\/","title":{"rendered":"Dinamo"},"content":{"rendered":"<div class=\"\" style=\"\" >\n    \n    <section class=\"u-clearfix u-white u-section-2\" id=\"sec-3f00\">\n      <div class=\"u-clearfix u-sheet u-sheet-1\">\n        <div class=\"data-layout-selected u-clearfix u-expanded-width u-gutter-30 u-layout-wrap u-layout-wrap-1\">\n          <div class=\"u-gutter-0 u-layout\">\n            <div class=\"u-layout-row\">\n              <div class=\"u-align-left u-container-style u-layout-cell u-left-cell u-similar-fill u-size-30 u-layout-cell-1\">\n                <div class=\"u-container-layout u-container-layout-1\">\n                  <div class=\"u-align-left u-container-style u-group u-similar-fill u-group-1\">\n                    <div class=\"u-container-layout u-container-layout-2\">\n                      <h3 class=\"u-text u-text-1\"><b><\/b>Dinamo\n                      <\/h3>\n                    <\/div>\n                  <\/div>\n                  <p class=\"custom-expanded u-text u-text-2\"> Dinamo ve her t\u00fcrl\u00fc yedek par\u00e7alar\u0131n\u0131n temini konusunda b\u00f6lgenin en b\u00fcy\u00fck firmas\u0131.<br>T\u00fcm dinamo \u00e7e\u015fitlerinin ve yedek par\u00e7alar\u0131n\u0131n sat\u0131\u015f\u0131 konusunda hizmet veren firmam\u0131z Yavuzt\u00fcrk Ticaret uygun fiyatlarla kaliteli \u00fcr\u00fcnlerin sat\u0131\u015f\u0131 konusunda titizlikle \u00e7al\u0131\u015fmalar\u0131n\u0131 s\u00fcrd\u00fcrmektedir.<br>\n                  <\/p>\n                <\/div>\n              <\/div>\n              <div class=\"u-align-left u-container-style u-layout-cell u-right-cell u-similar-fill u-size-30 u-layout-cell-2\">\n                <div class=\"u-container-layout u-valign-middle u-container-layout-3\">\n                  <img decoding=\"async\" class=\"custom-expanded u-image u-image-default u-image-1\" src=\"https:\/\/yeni.yavuzturkticaret.com\/wp-content\/uploads\/2024\/01\/Dinamolar.jpg\" alt=\"\" data-image-width=\"1617\" data-image-height=\"1027\">\n                <\/div>\n              <\/div>\n            <\/div>\n          <\/div>\n        <\/div>\n      <\/div>\n    <\/section>\n    <section class=\"u-clearfix u-white u-section-3\" id=\"sec-e342\">\n      <div class=\"data-layout-selected u-clearfix u-expanded-width u-gutter-20 u-layout-wrap u-layout-wrap-1\">\n        <div class=\"u-layout\">\n          <div class=\"u-layout-row\">\n            <div class=\"u-align-left u-container-style u-image u-layout-cell u-left-cell u-similar-fill u-size-20 u-image-1\" data-image-width=\"375\" data-image-height=\"375\" style=\"background-image: url(&quot;https:\/\/yeni.yavuzturkticaret.com\/wp-content\/uploads\/2024\/01\/dinamo-02.jpg&quot;);\">\n              <div class=\"u-container-layout\"><\/div>\n            <\/div>\n            <div class=\"u-align-left u-container-style u-image u-layout-cell u-right-cell u-similar-fill u-size-40 u-image-2\" data-image-width=\"500\" data-image-height=\"453\" style=\"background-image: url(&quot;https:\/\/yeni.yavuzturkticaret.com\/wp-content\/uploads\/2024\/01\/dinamo-01.jpg&quot;);\">\n              <div class=\"u-container-layout\"><\/div>\n            <\/div>\n          <\/div>\n        <\/div>\n      <\/div>\n    <\/section>\n    \n    \n    \n  \n<\/div>","protected":false},"excerpt":{"rendered":"<p>Dinamo Dinamo ve her t\u00fcrl\u00fc yedek par\u00e7alar\u0131n\u0131n temini konusunda b\u00f6lgenin en b\u00fcy\u00fck firmas\u0131.T\u00fcm dinamo \u00e7e\u015fitlerinin ve yedek par\u00e7alar\u0131n\u0131n sat\u0131\u015f\u0131 konusunda hizmet veren firmam\u0131z Yavuzt\u00fcrk Ticaret uygun fiyatlarla kaliteli \u00fcr\u00fcnlerin sat\u0131\u015f\u0131 konusunda titizlikle \u00e7al\u0131\u015fmalar\u0131n\u0131 s\u00fcrd\u00fcrmektedir.<\/p>\n","protected":false},"author":2,"featured_media":0,"parent":0,"menu_order":0,"comment_status":"closed","ping_status":"closed","template":"","meta":{"footnotes":""},"class_list":["post-358","page","type-page","status-publish","hentry"],"_links":{"self":[{"href":"https:\/\/yeni.yavuzturkticaret.com\/index.php\/wp-json\/wp\/v2\/pages\/358","targetHints":{"allow":["GET"]}}],"collection":[{"href":"https:\/\/yeni.yavuzturkticaret.com\/index.php\/wp-json\/wp\/v2\/pages"}],"about":[{"href":"https:\/\/yeni.yavuzturkticaret.com\/index.php\/wp-json\/wp\/v2\/types\/page"}],"author":[{"embeddable":true,"href":"https:\/\/yeni.yavuzturkticaret.com\/index.php\/wp-json\/wp\/v2\/users\/2"}],"replies":[{"embeddable":true,"href":"https:\/\/yeni.yavuzturkticaret.com\/index.php\/wp-json\/wp\/v2\/comments?post=358"}],"version-history":[{"count":6,"href":"https:\/\/yeni.yavuzturkticaret.com\/index.php\/wp-json\/wp\/v2\/pages\/358\/revisions"}],"predecessor-version":[{"id":368,"href":"https:\/\/yeni.yavuzturkticaret.com\/index.php\/wp-json\/wp\/v2\/pages\/358\/revisions\/368"}],"wp:attachment":[{"href":"https:\/\/yeni.yavuzturkticaret.com\/index.php\/wp-json\/wp\/v2\/media?parent=358"}],"curies":[{"name":"wp","href":"https:\/\/api.w.org\/{rel}","templated":true}]}}