{"id":341,"date":"2024-01-15T11:12:20","date_gmt":"2024-01-15T08:12:20","guid":{"rendered":"https:\/\/yeni.yavuzturkticaret.com\/?page_id=341"},"modified":"2024-01-15T11:21:56","modified_gmt":"2024-01-15T08:21:56","slug":"dalgic-pompa-2","status":"publish","type":"page","link":"https:\/\/yeni.yavuzturkticaret.com\/index.php\/dalgic-pompa-2\/","title":{"rendered":"Dalg\u0131\u00e7 Pompa"},"content":{"rendered":"<div class=\"\" style=\"\" >\n    \n    <section class=\"u-clearfix u-white u-section-2\" id=\"sec-3f00\">\n      <div class=\"u-clearfix u-sheet u-sheet-1\">\n        <div class=\"data-layout-selected u-clearfix u-expanded-width u-gutter-30 u-layout-wrap u-layout-wrap-1\">\n          <div class=\"u-gutter-0 u-layout\">\n            <div class=\"u-layout-row\">\n              <div class=\"u-align-left u-container-style u-layout-cell u-left-cell u-similar-fill u-size-30 u-layout-cell-1\">\n                <div class=\"u-container-layout u-container-layout-1\">\n                  <div class=\"u-align-left u-container-style u-group u-similar-fill u-group-1\">\n                    <div class=\"u-container-layout u-container-layout-2\">\n                      <h3 class=\"u-text u-text-1\"><b> Dalg\u0131\u00e7 Pompa<\/b>\n                      <\/h3>\n                    <\/div>\n                  <\/div>\n                  <p class=\"custom-expanded u-text u-text-2\"> Dalg\u0131\u00e7 pompa ve her t\u00fcrl\u00fc yedek par\u00e7alar\u0131n\u0131n temini konusunda b\u00f6lgenin en b\u00fcy\u00fck firmas\u0131.<br>Dalg\u0131\u00e7 pompa pompa g\u00f6vdesine yak\u0131n bir \u015fekilde hava ge\u00e7irmez olarak kapat\u0131lm\u0131\u015f motorlu bir pompad\u0131r. T\u00fcm tertibat pompalanacak ak\u0131\u015fkan\u0131n i\u00e7ine dald\u0131r\u0131l\u0131r. Bu tip pompan\u0131n as\u0131l yarar\u0131 pompayla s\u0131v\u0131 y\u00fczeyi aras\u0131ndaki y\u00fckseklik fark\u0131yla ili\u015fkili bir problem olan pompa kavitasyonunu \u00f6nlemesidir.<br>\n                  <\/p>\n                <\/div>\n              <\/div>\n              <div class=\"u-align-left u-container-style u-layout-cell u-right-cell u-similar-fill u-size-30 u-layout-cell-2\">\n                <div class=\"u-container-layout u-valign-middle u-container-layout-3\">\n                  <img decoding=\"async\" class=\"custom-expanded u-image u-image-default u-image-1\" src=\"https:\/\/yeni.yavuzturkticaret.com\/wp-content\/uploads\/2024\/01\/dalgic-pompa-01.jpg\" alt=\"\" data-image-width=\"1000\" data-image-height=\"966\">\n                <\/div>\n              <\/div>\n            <\/div>\n          <\/div>\n        <\/div>\n      <\/div>\n    <\/section>\n    <section class=\"u-clearfix u-white u-section-3\" id=\"sec-e342\">\n      <div class=\"data-layout-selected u-clearfix u-expanded-width u-gutter-20 u-layout-wrap u-layout-wrap-1\">\n        <div class=\"u-layout\">\n          <div class=\"u-layout-row\">\n            <div class=\"u-align-left u-container-style u-image u-layout-cell u-left-cell u-similar-fill u-size-20 u-image-1\" data-image-width=\"604\" data-image-height=\"590\" style=\"background-image: url(&quot;https:\/\/yeni.yavuzturkticaret.com\/wp-content\/uploads\/2024\/01\/dalgic-pompa-3.png&quot;);\">\n              <div class=\"u-container-layout\"><\/div>\n            <\/div>\n            <div class=\"u-align-left u-container-style u-image u-layout-cell u-right-cell u-similar-fill u-size-40 u-image-2\" data-image-width=\"1617\" data-image-height=\"1027\" style=\"background-image: url(&quot;https:\/\/yeni.yavuzturkticaret.com\/wp-content\/uploads\/2024\/01\/dalgic-pompa.jpg&quot;);\">\n              <div class=\"u-container-layout\"><\/div>\n            <\/div>\n          <\/div>\n        <\/div>\n      <\/div>\n    <\/section>\n    \n    \n    \n  \n<\/div>","protected":false},"excerpt":{"rendered":"<p>Dalg\u0131\u00e7 Pompa Dalg\u0131\u00e7 pompa ve her t\u00fcrl\u00fc yedek par\u00e7alar\u0131n\u0131n temini konusunda b\u00f6lgenin en b\u00fcy\u00fck firmas\u0131.Dalg\u0131\u00e7 pompa pompa g\u00f6vdesine yak\u0131n bir \u015fekilde hava ge\u00e7irmez olarak kapat\u0131lm\u0131\u015f motorlu bir pompad\u0131r. T\u00fcm tertibat pompalanacak ak\u0131\u015fkan\u0131n i\u00e7ine dald\u0131r\u0131l\u0131r. Bu tip pompan\u0131n as\u0131l yarar\u0131 pompayla s\u0131v\u0131 y\u00fczeyi aras\u0131ndaki y\u00fckseklik fark\u0131yla ili\u015fkili bir problem olan pompa kavitasyonunu \u00f6nlemesidir.<\/p>\n","protected":false},"author":2,"featured_media":0,"parent":0,"menu_order":0,"comment_status":"closed","ping_status":"closed","template":"","meta":{"footnotes":""},"class_list":["post-341","page","type-page","status-publish","hentry"],"_links":{"self":[{"href":"https:\/\/yeni.yavuzturkticaret.com\/index.php\/wp-json\/wp\/v2\/pages\/341","targetHints":{"allow":["GET"]}}],"collection":[{"href":"https:\/\/yeni.yavuzturkticaret.com\/index.php\/wp-json\/wp\/v2\/pages"}],"about":[{"href":"https:\/\/yeni.yavuzturkticaret.com\/index.php\/wp-json\/wp\/v2\/types\/page"}],"author":[{"embeddable":true,"href":"https:\/\/yeni.yavuzturkticaret.com\/index.php\/wp-json\/wp\/v2\/users\/2"}],"replies":[{"embeddable":true,"href":"https:\/\/yeni.yavuzturkticaret.com\/index.php\/wp-json\/wp\/v2\/comments?post=341"}],"version-history":[{"count":7,"href":"https:\/\/yeni.yavuzturkticaret.com\/index.php\/wp-json\/wp\/v2\/pages\/341\/revisions"}],"predecessor-version":[{"id":355,"href":"https:\/\/yeni.yavuzturkticaret.com\/index.php\/wp-json\/wp\/v2\/pages\/341\/revisions\/355"}],"wp:attachment":[{"href":"https:\/\/yeni.yavuzturkticaret.com\/index.php\/wp-json\/wp\/v2\/media?parent=341"}],"curies":[{"name":"wp","href":"https:\/\/api.w.org\/{rel}","templated":true}]}}