{"id":299,"date":"2024-01-14T21:36:11","date_gmt":"2024-01-14T18:36:11","guid":{"rendered":"https:\/\/yeni.yavuzturkticaret.com\/?page_id=299"},"modified":"2024-01-15T11:25:26","modified_gmt":"2024-01-15T08:25:26","slug":"lux-dafu-2","status":"publish","type":"page","link":"https:\/\/yeni.yavuzturkticaret.com\/index.php\/lux-dafu-2\/","title":{"rendered":"L\u00fcx Dafu"},"content":{"rendered":"<div class=\"\" style=\"\" >\n    \n    <section class=\"skrollable skrollable-between u-align-center u-clearfix u-container-align-left-lg u-container-align-left-md u-container-align-left-xl u-container-align-left-xs u-image u-shading u-section-2\" src=\"\" id=\"sec-d80c\" data-image-width=\"1920\" data-image-height=\"1000\" style=\"background-image: linear-gradient(0deg, rgba(0, 0, 0, 0.5), rgba(0, 0, 0, 0.5)), url(&quot;https:\/\/yeni.yavuzturkticaret.com\/wp-content\/uploads\/2024\/01\/lux-dafu-banner-1.jpg&quot;);\">\n      <div class=\"u-clearfix u-sheet u-sheet-1\">\n        <h1 class=\"u-align-left u-text u-text-1\" data-animation-name=\"customAnimationIn\" data-animation-duration=\"1500\" data-animation-delay=\"500\">LUX DAFU<\/h1>\n        <p class=\"u-align-left u-large-text u-text u-text-variant u-text-2\" data-animation-name=\"customAnimationIn\" data-animation-duration=\"1500\" data-animation-delay=\"500\"> Yavuzt\u00fcrk Ticaret olarak LUX DAFU markas\u0131 ile dalg\u0131\u00e7 pompa imalat ve sat\u0131\u015f hizmeti sunmaktay\u0131z... B\u00f6lgede lider olan markam\u0131z ile t\u00fcm \u00e7ift\u00e7ilerimizin yan\u0131nday\u0131z. Kaliteden asla \u00f6d\u00fcn vermeyen Yavuzt\u00fcrk Ticaret alan\u0131nda uzman kadrosu ile her zaman siz de\u011ferli m\u00fc\u015fterinin yan\u0131ndad\u0131r. Sekt\u00f6re girdi\u011fimiz g\u00fcnden beri daima m\u00fc\u015fteri memnuniyetini hep \u00f6nemseyerek \u00e7al\u0131\u015fmaktay\u0131z. Bizi tercih eden her bir m\u00fc\u015fterimize sonsuz te\u015fekk\u00fcrlerimiz sunar\u0131z.<\/p>\n        <a href=\"https:\/\/yeni.yavuzturkticaret.com\/index.php\/iletisim\/\" class=\"u-align-left u-border-2 u-border-palette-3-base u-btn u-btn-round u-button-style u-palette-3-base u-radius-50 u-btn-1\" data-animation-name=\"customAnimationIn\" data-animation-duration=\"1500\" data-animation-delay=\"750\">Bize Hemen Ula\u015f\u0131n<\/a>\n      <\/div>\n    <\/section>\n    <section class=\"u-align-center u-clearfix u-white u-section-3\" id=\"sec-7b41\">\n      <div class=\"u-clearfix u-sheet u-sheet-1\">\n        <h2 class=\"u-align-center u-text u-text-default u-text-1\" data-animation-name=\"customAnimationIn\" data-animation-duration=\"1500\">\u00dcr\u00fcnlerimiz<\/h2>\n        <div class=\"u-expanded-width u-list u-list-1\">\n          <div class=\"u-repeater u-repeater-1\">\n            <div class=\"u-align-center u-container-align-center-md u-container-align-center-sm u-container-align-center-xs u-container-style u-list-item u-repeater-item u-shape-rectangle u-video-cover u-white u-list-item-1\" data-animation-name=\"customAnimationIn\" data-animation-duration=\"1500\" data-animation-delay=\"500\">\n              <div class=\"u-container-layout u-similar-container u-valign-top-md u-valign-top-sm u-valign-top-xs u-container-layout-1\">\n                <img decoding=\"async\" alt=\"\" class=\"u-expanded-width u-image u-image-default u-image-1\" src=\"https:\/\/yeni.yavuzturkticaret.com\/wp-content\/uploads\/2024\/01\/lux-dafu-1.jpg\" data-image-width=\"1344\" data-image-height=\"1859\">\n                <h4 class=\"u-align-center u-text u-text-2\">DALGI\u00c7 POMPA SER\u0130S\u0130<\/h4>\n              <\/div>\n            <\/div>\n            <div class=\"u-align-center u-container-align-center-md u-container-align-center-sm u-container-align-center-xs u-container-style u-list-item u-repeater-item u-shape-rectangle u-video-cover u-white u-list-item-2\" data-animation-name=\"customAnimationIn\" data-animation-duration=\"1500\" data-animation-delay=\"500\">\n              <div class=\"u-container-layout u-similar-container u-valign-top-md u-valign-top-sm u-valign-top-xs u-container-layout-2\">\n                <img decoding=\"async\" alt=\"\" class=\"u-expanded-width u-image u-image-default u-image-2\" src=\"https:\/\/yeni.yavuzturkticaret.com\/wp-content\/uploads\/2024\/01\/lux-dafu-4.jpg\" data-image-width=\"1344\" data-image-height=\"1859\">\n                <h4 class=\"u-align-center u-text u-text-3\"> DALGI\u00c7 POMPA SER\u0130S\u0130<\/h4>\n              <\/div>\n            <\/div>\n            <div class=\"u-align-center u-container-align-center-md u-container-align-center-sm u-container-align-center-xs u-container-style u-list-item u-repeater-item u-shape-rectangle u-white u-list-item-3\" data-animation-name=\"customAnimationIn\" data-animation-duration=\"1500\" data-animation-delay=\"500\">\n              <div class=\"u-container-layout u-similar-container u-valign-top-md u-valign-top-sm u-valign-top-xs u-container-layout-3\">\n                <img decoding=\"async\" alt=\"\" class=\"u-expanded-width u-image u-image-default u-image-3\" src=\"https:\/\/yeni.yavuzturkticaret.com\/wp-content\/uploads\/2024\/01\/lux-dafu-3.jpg\" data-image-width=\"1344\" data-image-height=\"1859\">\n                <h4 class=\"u-align-center u-text u-text-4\"> DALGI\u00c7 POMPA SER\u0130S\u0130<\/h4>\n              <\/div>\n            <\/div>\n            <div class=\"u-align-center u-container-align-center-md u-container-align-center-sm u-container-align-center-xs u-container-style u-list-item u-repeater-item u-shape-rectangle u-white u-list-item-4\" data-animation-name=\"customAnimationIn\" data-animation-duration=\"1500\" data-animation-delay=\"500\">\n              <div class=\"u-container-layout u-similar-container u-valign-top-md u-valign-top-sm u-valign-top-xs u-container-layout-4\">\n                <img decoding=\"async\" alt=\"\" class=\"u-expanded-width u-image u-image-default u-image-4\" src=\"https:\/\/yeni.yavuzturkticaret.com\/wp-content\/uploads\/2024\/01\/lux-dafu-1.jpg\" data-image-width=\"1344\" data-image-height=\"1859\">\n                <h4 class=\"u-align-center u-text u-text-5\"> DALGI\u00c7 POMPA SER\u0130S\u0130<\/h4>\n              <\/div>\n            <\/div>\n          <\/div>\n        <\/div>\n      <\/div>\n    <\/section>\n    \n    \n    \n  \n<\/div>","protected":false},"excerpt":{"rendered":"<p>LUX DAFU Yavuzt\u00fcrk Ticaret olarak LUX DAFU markas\u0131 ile dalg\u0131\u00e7 pompa imalat ve sat\u0131\u015f hizmeti sunmaktay\u0131z&#8230; B\u00f6lgede lider olan markam\u0131z ile t\u00fcm \u00e7ift\u00e7ilerimizin yan\u0131nday\u0131z. Kaliteden asla \u00f6d\u00fcn vermeyen Yavuzt\u00fcrk Ticaret alan\u0131nda uzman kadrosu ile her zaman siz de\u011ferli m\u00fc\u015fterinin yan\u0131ndad\u0131r. Sekt\u00f6re girdi\u011fimiz g\u00fcnden beri daima m\u00fc\u015fteri memnuniyetini hep \u00f6nemseyerek \u00e7al\u0131\u015fmaktay\u0131z. Bizi tercih eden her bir [&hellip;]<\/p>\n","protected":false},"author":2,"featured_media":0,"parent":0,"menu_order":0,"comment_status":"closed","ping_status":"closed","template":"","meta":{"footnotes":""},"class_list":["post-299","page","type-page","status-publish","hentry"],"_links":{"self":[{"href":"https:\/\/yeni.yavuzturkticaret.com\/index.php\/wp-json\/wp\/v2\/pages\/299","targetHints":{"allow":["GET"]}}],"collection":[{"href":"https:\/\/yeni.yavuzturkticaret.com\/index.php\/wp-json\/wp\/v2\/pages"}],"about":[{"href":"https:\/\/yeni.yavuzturkticaret.com\/index.php\/wp-json\/wp\/v2\/types\/page"}],"author":[{"embeddable":true,"href":"https:\/\/yeni.yavuzturkticaret.com\/index.php\/wp-json\/wp\/v2\/users\/2"}],"replies":[{"embeddable":true,"href":"https:\/\/yeni.yavuzturkticaret.com\/index.php\/wp-json\/wp\/v2\/comments?post=299"}],"version-history":[{"count":6,"href":"https:\/\/yeni.yavuzturkticaret.com\/index.php\/wp-json\/wp\/v2\/pages\/299\/revisions"}],"predecessor-version":[{"id":330,"href":"https:\/\/yeni.yavuzturkticaret.com\/index.php\/wp-json\/wp\/v2\/pages\/299\/revisions\/330"}],"wp:attachment":[{"href":"https:\/\/yeni.yavuzturkticaret.com\/index.php\/wp-json\/wp\/v2\/media?parent=299"}],"curies":[{"name":"wp","href":"https:\/\/api.w.org\/{rel}","templated":true}]}}