{"id":257,"date":"2024-01-14T16:18:32","date_gmt":"2024-01-14T13:18:32","guid":{"rendered":"https:\/\/yeni.yavuzturkticaret.com\/index.php\/257-2\/"},"modified":"2024-01-15T13:15:33","modified_gmt":"2024-01-15T10:15:33","slug":"markalarimiz","status":"publish","type":"page","link":"https:\/\/yeni.yavuzturkticaret.com\/index.php\/markalarimiz\/","title":{"rendered":"Markalar\u0131m\u0131z"},"content":{"rendered":"<div class=\"\" style=\"\" >\n    \n    <section class=\"u-align-center u-clearfix u-section-2\" id=\"sec-65b3\">\n      <div class=\"u-clearfix u-sheet u-sheet-1\">\n        <h2 class=\"u-text u-text-default u-text-1\">YAVUZT\u00dcRK T\u0130CARET<\/h2>\n        <p class=\"u-text u-text-2\">Yavuzt\u00fcrk&nbsp; Ticaret olarak b\u00fcnyemizde yer alan markalar\u0131m\u0131z...<\/p>\n        <div class=\"u-expanded-width u-list u-list-1\">\n          <div class=\"u-repeater u-repeater-1\">\n            <div class=\"u-container-style u-hover-feature u-image u-list-item u-repeater-item u-image-1\" data-image-width=\"1000\" data-image-height=\"851\" data-href=\"https:\/\/yeni.yavuzturkticaret.com\/index.php\/yavuz-su\/\" title=\"Yavuz Su\" style=\"background-image: url(&quot;https:\/\/yeni.yavuzturkticaret.com\/wp-content\/uploads\/2024\/01\/yavuzturk-su-logo-3.jpg&quot;);\">\n              <div class=\"u-container-layout u-similar-container u-valign-middle u-container-layout-1\"><\/div>\n            <\/div>\n            <div class=\"u-container-style u-image u-list-item u-repeater-item u-image-2\" data-image-width=\"1000\" data-image-height=\"851\" data-href=\"https:\/\/yeni.yavuzturkticaret.com\/index.php\/lux-dafu-2\/\" title=\"L\u00fcx Dafu\" style=\"background-image: url(&quot;https:\/\/yeni.yavuzturkticaret.com\/wp-content\/uploads\/2024\/01\/lux-dafu.jpg&quot;);\">\n              <div class=\"u-container-layout u-similar-container u-valign-middle u-container-layout-2\"><\/div>\n            <\/div>\n            <div class=\"u-container-style u-image u-list-item u-repeater-item u-image-3\" data-image-width=\"1010\" data-image-height=\"860\" data-href=\"https:\/\/yeni.yavuzturkticaret.com\/index.php\/hay-su-2\/\" title=\"Hay-Su\" style=\"background-image: url(&quot;https:\/\/yeni.yavuzturkticaret.com\/wp-content\/uploads\/2024\/01\/hay-su.jpg&quot;);\">\n              <div class=\"u-container-layout u-similar-container u-valign-middle u-container-layout-3\"><\/div>\n            <\/div>\n          <\/div>\n        <\/div>\n      <\/div>\n      \n    <\/section>\n    \n    \n    \n  \n<\/div>","protected":false},"excerpt":{"rendered":"<p>YAVUZT\u00dcRK T\u0130CARET Yavuzt\u00fcrk&nbsp; Ticaret olarak b\u00fcnyemizde yer alan markalar\u0131m\u0131z&#8230;<\/p>\n","protected":false},"author":2,"featured_media":0,"parent":0,"menu_order":0,"comment_status":"closed","ping_status":"closed","template":"","meta":{"footnotes":""},"class_list":["post-257","page","type-page","status-publish","hentry"],"_links":{"self":[{"href":"https:\/\/yeni.yavuzturkticaret.com\/index.php\/wp-json\/wp\/v2\/pages\/257","targetHints":{"allow":["GET"]}}],"collection":[{"href":"https:\/\/yeni.yavuzturkticaret.com\/index.php\/wp-json\/wp\/v2\/pages"}],"about":[{"href":"https:\/\/yeni.yavuzturkticaret.com\/index.php\/wp-json\/wp\/v2\/types\/page"}],"author":[{"embeddable":true,"href":"https:\/\/yeni.yavuzturkticaret.com\/index.php\/wp-json\/wp\/v2\/users\/2"}],"replies":[{"embeddable":true,"href":"https:\/\/yeni.yavuzturkticaret.com\/index.php\/wp-json\/wp\/v2\/comments?post=257"}],"version-history":[{"count":6,"href":"https:\/\/yeni.yavuzturkticaret.com\/index.php\/wp-json\/wp\/v2\/pages\/257\/revisions"}],"predecessor-version":[{"id":277,"href":"https:\/\/yeni.yavuzturkticaret.com\/index.php\/wp-json\/wp\/v2\/pages\/257\/revisions\/277"}],"wp:attachment":[{"href":"https:\/\/yeni.yavuzturkticaret.com\/index.php\/wp-json\/wp\/v2\/media?parent=257"}],"curies":[{"name":"wp","href":"https:\/\/api.w.org\/{rel}","templated":true}]}}