{"id":124,"date":"2024-01-12T15:51:07","date_gmt":"2024-01-12T12:51:07","guid":{"rendered":"https:\/\/yeni.yavuzturkticaret.com\/?page_id=124"},"modified":"2024-01-15T11:24:59","modified_gmt":"2024-01-15T08:24:59","slug":"iletisim","status":"publish","type":"page","link":"https:\/\/yeni.yavuzturkticaret.com\/index.php\/iletisim\/","title":{"rendered":"\u0130leti\u015fim"},"content":{"rendered":"<div class=\"\" style=\"\" >\n    \n    <section class=\"u-clearfix u-grey-90 u-valign-bottom-lg u-valign-bottom-md u-valign-bottom-xl u-section-2\" id=\"carousel_acd8\">\n      <img decoding=\"async\" class=\"u-expanded-width u-image u-image-1\" src=\"https:\/\/yeni.yavuzturkticaret.com\/wp-content\/uploads\/2024\/01\/dalgic-pompa-01.jpg\" data-image-width=\"1000\" data-image-height=\"966\">\n      <div class=\"u-list u-list-1\">\n        <div class=\"u-repeater u-repeater-1\">\n          <div class=\"u-align-center u-container-style u-list-item u-repeater-item u-white u-list-item-1\">\n            <div class=\"u-container-layout u-similar-container u-valign-top u-container-layout-1\"><span class=\"u-icon u-icon-circle u-text-custom-color-1 u-icon-1\"><svg class=\"u-svg-link\" preserveAspectRatio=\"xMidYMin slice\" viewBox=\"0 0 52 52\" style=\"\"><use xlink:href=\"#svg-077e\"><\/use><\/svg><svg class=\"u-svg-content\" viewBox=\"0 0 52 52\" x=\"0px\" y=\"0px\" id=\"svg-077e\" style=\"enable-background:new 0 0 52 52;\"><path style=\"fill:currentColor;\" d=\"M38.853,5.324L38.853,5.324c-7.098-7.098-18.607-7.098-25.706,0h0\n\tC6.751,11.72,6.031,23.763,11.459,31L26,52l14.541-21C45.969,23.763,45.249,11.72,38.853,5.324z M26.177,24c-3.314,0-6-2.686-6-6\n\ts2.686-6,6-6s6,2.686,6,6S29.491,24,26.177,24z\"><\/path><\/svg><\/span>\n              <h5 class=\"u-text u-text-1\">ADRES<\/h5>\n              <p class=\"u-text u-text-2\"> Kamberiye Mahallesi \u00dcniversite Caddesi No:60\/A Haliliye \/ \u015eANLIURFA<\/p>\n            <\/div>\n          <\/div>\n          <div class=\"u-align-center u-container-style u-list-item u-repeater-item u-white u-list-item-2\">\n            <div class=\"u-container-layout u-similar-container u-valign-top u-container-layout-2\"><span class=\"u-icon u-icon-circle u-text-custom-color-1 u-icon-2\"><svg class=\"u-svg-link\" preserveAspectRatio=\"xMidYMin slice\" viewBox=\"0 0 513.64 513.64\" style=\"\"><use xlink:href=\"#svg-9786\"><\/use><\/svg><svg class=\"u-svg-content\" viewBox=\"0 0 513.64 513.64\" x=\"0px\" y=\"0px\" id=\"svg-9786\" style=\"enable-background:new 0 0 513.64 513.64;\"><g><g><path d=\"M499.66,376.96l-71.68-71.68c-25.6-25.6-69.12-15.359-79.36,17.92c-7.68,23.041-33.28,35.841-56.32,30.72    c-51.2-12.8-120.32-79.36-133.12-133.12c-7.68-23.041,7.68-48.641,30.72-56.32c33.28-10.24,43.52-53.76,17.92-79.36l-71.68-71.68    c-20.48-17.92-51.2-17.92-69.12,0l-48.64,48.64c-48.64,51.2,5.12,186.88,125.44,307.2c120.32,120.32,256,176.641,307.2,125.44    l48.64-48.64C517.581,425.6,517.581,394.88,499.66,376.96z\"><\/path>\n<\/g>\n<\/g><\/svg><\/span>\n              <h5 class=\"u-text u-text-3\">TELEFON<\/h5>\n              <p class=\"u-text u-text-4\">\n                <a class=\"u-btn u-button-link u-button-style u-text-palette-1-base u-btn-1\" href=\"tel:+904143160887\">+90 414 316 08 87<br>\n                <\/a>\n              <\/p>\n            <\/div>\n          <\/div>\n          <div class=\"u-align-center u-container-style u-list-item u-repeater-item u-white u-list-item-3\">\n            <div class=\"u-container-layout u-similar-container u-valign-top u-container-layout-3\"><span class=\"u-file-icon u-icon u-text-custom-color-1 u-icon-3\"><img decoding=\"async\" src=\"data:image\/png;base64,iVBORw0KGgoAAAANSUhEUgAAAIAAAACACAYAAADDPmHLAAAAAXNSR0IArs4c6QAABZdJREFUeF7t2D9sE2cYBvDnPSdgnxEKEpUQU9UmalVCBcgXlJIB2gmGbm1hZOlAcgxIDDAEkQGGSgxcwtCFEdpuHWBqwxAakbMAFahaJao6IaRGIkL4T0h8b+XQqoCCE\/su3+VzHq++73vf9\/Pj8+8sSPGll\/pz1Y6FY3CcPlX1AOwG0JliSyZKLwB4ICIhomgqu9h5TU5NVkwUXq6GpFW4HBQOAHIVQE9aPayTutOAHnf94u00+kklAJWgcE4hwwCcNIZehzUjgY7k\/OJ5070ZD0ApKBwWyA3Tg9pQT6FH8n7xpslejQZg7srAtk21+YcAdpoc0qJaj19kNvd2nZh4aqpnowEoBd4FAc6YGs7GOgpczPvhWVO9Gw1AOfDGARw0MJyqyNcSSf1uE\/uljvaK6rcATJzXLdcPD8VuepUbmBhoqRVVSHnUmxNg6yp7a\/0yxWxux7s75Msfaq1v8v9K\/f6LTOXJX08g2J7Efo32UOCZOxR2iUDXulZ9f2MBqI7t646izLSJof4d7JGqzCRRT0S7FdiVxF6r2cNxaj3ZwbuJ9L5SPWMBeD7m7XEi3FupIb4PRA72bhkM75s4CwbAxCk3WYMBaPLA2u1yBqDdPtEm59loASgJMNHkGbXF5QoMAMi\/OczGCoDgD3co\/LAtPtEmhyiPer9D8QEDwAC8lgHeAZr8Jtl6Oe8AL\/+x4U\/AGwnmHcDWr3STffMOwDsAEcifAD4F0AA0AP8HeDUDRGCTmLL1ciKQCCQCiUAikAgkAolAItBWycXomwgkAolAIpAIJAKJQCKQCIyBKVuXEoFEIBFIBBKBRCARSAQSgbZKLkbfRCARSAQSgUQgEUgEEoFEYAxM2bqUCCQCiUAikAgkAolAIpAItFVyMfomAolAIpAIJAKJQCKQCCQCY2DK1qVEIBFIBBKBRCARSAQSgUSgrZKL0TcRSAQSgUQgEUgEEoFEIBEYA1O2LiUCiUAikAgkAolAIpAIJAJtlVyMvolAIpAIJAKJQCKQCCQCicAYmLJ1KRFIBBKBRCARSAQSgUQgEWir5GL0TQQSgUQgEUgEEoFEIBFIBMbAlK1LiUAikAgkAolAIpAIJAKJQFslF6NvIpAIJAKJQCKQCCQCiUAiMAambF1KBBKBRCARSAQSgUQgEUgE2iq5GH0TgUQgEUgEEoFEIBFIBBKBMTBl61IikAgkAolAIpAIJAKJQCLQVsnF6JsIJAKJQCKQCCQCNzQCY\/yGtuvSyMHeLYPhfRPziYki9RrPx7w9ToR7purZXIcBsPnTS6B3BiCBQ1xhiz9FMSwdmKxfp4voV8EIgPfWvvTKFRiAlc8oxhVyJ1etfianfy29uol+83G+ks3+BOj+GJsnspQBSOQYl98ko86uzSfv\/Lbcu\/OX939Uk+jRGpZf1dYMwKqOqZWLZMb1p3oarSwH3gyA91vZPak1bRmA6ti+7ijKTCd1SC3tIzruDhU\/bRiA0cLPUDnU0v4JLXKcWk928G49iGv+MvYYqAopj3pzAmxd86neVkAx654M32kYgMve3xBsT6tHBZ65Q2GXCNRED8YCUB+mHHjjAA6aGKxBjaOuH3633PvlwPsKwPWU+7vl+qGxO5DRAJQC74IAZ1I9YMUsHPncHZpaegT871Ue7etHpD+m+e2v96LAxbwfnjV1RkYDMHdlYNum2vxDADtNDfiWOjUIrqvil\/r7IvgEiqMAMin39fhFZnNv14mJp6b6MBqA+lCloHBYIDdMDWhTHYUeyfvFmyZ7Nh6A+nCVoHBOIcMAHJPDruNakUBHcn7xvOkeUwnASxAWDgByFUDD53LTB5JCvWlAj7t+8XYKtZFaAJbAc6k\/V+1YOAbH6VNVD8BuAJ1pHITBmgsAHohIiCiayi52XpNTkxWD9V8r9Q+kuEHbwUiyggAAAABJRU5ErkJggg==\" alt=\"\"><\/span>\n              <h5 class=\"u-text u-text-5\">Fax<\/h5>\n              <p class=\"u-text u-text-6\">\n                <a class=\"u-btn u-button-link u-button-style u-text-palette-1-base u-btn-2\" href=\"tel:+905376021063\"> +90 537 602 10 63<\/a>\n              <\/p>\n            <\/div>\n          <\/div>\n          <div class=\"u-align-center u-container-style u-list-item u-repeater-item u-white u-list-item-4\">\n            <div class=\"u-container-layout u-similar-container u-valign-top u-container-layout-4\"><span class=\"u-icon u-icon-circle u-text-custom-color-1 u-icon-4\"><svg class=\"u-svg-link\" preserveAspectRatio=\"xMidYMin slice\" viewBox=\"0 0 512 512\" style=\"\"><use xlink:href=\"#svg-9f82\"><\/use><\/svg><svg class=\"u-svg-content\" viewBox=\"0 0 512 512\" x=\"0px\" y=\"0px\" id=\"svg-9f82\" style=\"enable-background:new 0 0 512 512;\"><g><g><path d=\"M507.49,101.721L352.211,256L507.49,410.279c2.807-5.867,4.51-12.353,4.51-19.279V121    C512,114.073,510.297,107.588,507.49,101.721z\"><\/path>\n<\/g>\n<\/g><g><g><path d=\"M467,76H45c-6.927,0-13.412,1.703-19.279,4.51l198.463,197.463c17.548,17.548,46.084,17.548,63.632,0L486.279,80.51    C480.412,77.703,473.927,76,467,76z\"><\/path>\n<\/g>\n<\/g><g><g><path d=\"M4.51,101.721C1.703,107.588,0,114.073,0,121v270c0,6.927,1.703,13.413,4.51,19.279L159.789,256L4.51,101.721z\"><\/path>\n<\/g>\n<\/g><g><g><path d=\"M331,277.211l-21.973,21.973c-29.239,29.239-76.816,29.239-106.055,0L181,277.211L25.721,431.49    C31.588,434.297,38.073,436,45,436h422c6.927,0,13.412-1.703,19.279-4.51L331,277.211z\"><\/path>\n<\/g>\n<\/g><\/svg><\/span>\n              <h5 class=\"u-text u-text-7\">Email<\/h5>\n              <p class=\"u-text u-text-8\">\n                <a href=\"mailto:info@yavuzturkticaret.com?subject=info@yavuzturkticaret.com\" class=\"u-active-none u-border-1 u-border-active-black u-border-hover-black u-border-no-left u-border-no-right u-border-no-top u-border-palette-4-dark-2 u-btn u-button-link u-button-style u-hover-none u-none u-text-active-black u-text-hover-black u-text-palette-4-dark-1 u-btn-3\">info@yavuzturkticaret.com<\/a>\n              <\/p>\n            <\/div>\n          <\/div>\n        <\/div>\n      <\/div>\n      <div class=\"data-layout-selected u-clearfix u-layout-wrap u-layout-wrap-1\">\n        <div class=\"u-layout\">\n          <div class=\"u-layout-row\">\n            <div class=\"u-align-left u-black u-container-style u-layout-cell u-left-cell u-size-30 u-layout-cell-1\">\n              <div class=\"u-container-layout u-container-layout-5\">\n                <h3 class=\"u-text u-text-body-alt-color u-text-default u-text-9\">Bize Ula\u015f\u0131n<\/h3>\n                <div class=\"u-expanded-width-sm u-expanded-width-xs u-form u-form-1\">\n                  <form action=\"https:\/\/forms.nicepagesrv.com\/v2\/form\/process\" class=\"u-clearfix u-form-spacing-30 u-form-vertical u-inner-form\" style=\"padding: 0px;\" source=\"email\" name=\"form\">\n                    <div class=\"u-form-email u-form-group u-form-partition-factor-2\">\n                      <label for=\"email-319a\" class=\"u-label u-text-body-alt-color u-label-1\">Email<\/label>\n                      <input type=\"email\" placeholder=\"Mail adresinizi yaz\u0131n\" id=\"email-319a\" name=\"email\" class=\"u-border-2 u-border-no-left u-border-no-right u-border-no-top u-border-white u-custom-color-1 u-input u-input-rectangle\" required=\"\">\n                    <\/div>\n                    <div class=\"u-form-group u-form-name u-form-partition-factor-2\">\n                      <label for=\"name-319a\" class=\"u-label u-text-body-alt-color u-label-2\">Ad\u0131n\u0131z<\/label>\n                      <input type=\"text\" id=\"name-319a\" name=\"adiniz\" class=\"u-border-2 u-border-no-left u-border-no-right u-border-no-top u-border-white u-custom-color-1 u-input u-input-rectangle\" required=\"\" placeholder=\"Ad\u0131n\u0131z\u0131 yaz\u0131n\">\n                    <\/div>\n                    <div class=\"u-form-group u-form-message\">\n                      <label for=\"message-319a\" class=\"u-label u-text-body-alt-color u-label-3\">Mesaj\u0131n\u0131z<\/label>\n                      <textarea placeholder=\"Mesaj\u0131n\u0131z\u0131 yaz\u0131n\" rows=\"4\" cols=\"50\" id=\"message-319a\" name=\"mesajiniz\" class=\"u-border-2 u-border-no-left u-border-no-right u-border-no-top u-border-white u-custom-color-1 u-input u-input-rectangle\" required=\"\"><\/textarea>\n                    <\/div>\n                    <div class=\"u-align-left u-form-group u-form-submit\">\n                      <a href=\"#\" class=\"u-btn u-btn-submit u-button-style u-custom-color-1 u-btn-4\">G\u00f6nder<\/a>\n                      <input type=\"submit\" value=\"submit\" class=\"u-form-control-hidden\" wfd-invisible=\"true\">\n                    <\/div>\n                    <div class=\"u-form-send-message u-form-send-success\" wfd-invisible=\"true\"> Thank you! Your message has been sent. <\/div>\n                    <div class=\"u-form-send-error u-form-send-message\" wfd-invisible=\"true\"> Unable to send your message. Please fix errors then try again. <\/div>\n                    <input type=\"hidden\" value=\"\" name=\"recaptchaResponse\" wfd-invisible=\"true\">\n                    <input type=\"hidden\" name=\"formServices\" value=\"0c6cd6d0-f6a5-4978-0fa1-1b1e181163cf\">\n                  <\/form>\n                <\/div>\n              <\/div>\n            <\/div>\n            <div class=\"u-black u-container-style u-layout-cell u-right-cell u-size-30 u-layout-cell-2\">\n              <div class=\"u-container-layout u-container-layout-6\">\n                <div class=\"u-expanded u-grey-light-2 u-map\">\n                  <div class=\"embed-responsive\">\n                    <iframe class=\"embed-responsive-item\" src=\"https:\/\/maps.google.com\/maps?output=embed&amp;q=37.155450%2C%2038.796583%0A%0A&amp;z=16&amp;t=m\" data-map=\"JTdCJTIyYWRkcmVzcyUyMiUzQSUyMjM3LjE1NTQ1MCUyQyUyMDM4Ljc5NjU4MyU1Q24lNUNuJTIyJTJDJTIyem9vbSUyMiUzQTE2JTJDJTIydHlwZUlkJTIyJTNBJTIycm9hZCUyMiUyQyUyMmxhbmclMjIlM0FudWxsJTJDJTIyYXBpS2V5JTIyJTNBbnVsbCUyQyUyMm1hcmtlcnMlMjIlM0ElNUIlNUQlN0Q=\"><\/iframe>\n                  <\/div>\n                <\/div>\n              <\/div>\n            <\/div>\n          <\/div>\n        <\/div>\n      <\/div>\n    <\/section>\n    \n    \n    \n  \n<\/div>","protected":false},"excerpt":{"rendered":"<p>ADRES Kamberiye Mahallesi \u00dcniversite Caddesi No:60\/A Haliliye \/ \u015eANLIURFA TELEFON +90 414 316 08 87 Fax +90 537 602 10 63 Email info@yavuzturkticaret.com Bize Ula\u015f\u0131n Email Ad\u0131n\u0131z Mesaj\u0131n\u0131z G\u00f6nder Thank you! Your message has been sent. Unable to send your message. Please fix errors then try again.<\/p>\n","protected":false},"author":2,"featured_media":0,"parent":0,"menu_order":0,"comment_status":"closed","ping_status":"closed","template":"","meta":{"footnotes":""},"class_list":["post-124","page","type-page","status-publish","hentry"],"_links":{"self":[{"href":"https:\/\/yeni.yavuzturkticaret.com\/index.php\/wp-json\/wp\/v2\/pages\/124","targetHints":{"allow":["GET"]}}],"collection":[{"href":"https:\/\/yeni.yavuzturkticaret.com\/index.php\/wp-json\/wp\/v2\/pages"}],"about":[{"href":"https:\/\/yeni.yavuzturkticaret.com\/index.php\/wp-json\/wp\/v2\/types\/page"}],"author":[{"embeddable":true,"href":"https:\/\/yeni.yavuzturkticaret.com\/index.php\/wp-json\/wp\/v2\/users\/2"}],"replies":[{"embeddable":true,"href":"https:\/\/yeni.yavuzturkticaret.com\/index.php\/wp-json\/wp\/v2\/comments?post=124"}],"version-history":[{"count":4,"href":"https:\/\/yeni.yavuzturkticaret.com\/index.php\/wp-json\/wp\/v2\/pages\/124\/revisions"}],"predecessor-version":[{"id":229,"href":"https:\/\/yeni.yavuzturkticaret.com\/index.php\/wp-json\/wp\/v2\/pages\/124\/revisions\/229"}],"wp:attachment":[{"href":"https:\/\/yeni.yavuzturkticaret.com\/index.php\/wp-json\/wp\/v2\/media?parent=124"}],"curies":[{"name":"wp","href":"https:\/\/api.w.org\/{rel}","templated":true}]}}